{"id":3,"date":"2018-09-17T06:51:33","date_gmt":"2018-09-17T06:51:33","guid":{"rendered":"https:\/\/www.caves-carriere.fr\/?page_id=3"},"modified":"2022-05-06T13:02:39","modified_gmt":"2022-05-06T13:02:39","slug":"mentions-legales-politique-confidentialite","status":"publish","type":"page","link":"https:\/\/www.caves-carriere.fr\/caviste\/mentions-legales-politique-confidentialite\/","title":{"rendered":"Mentions l\u00e9gales &#038; politique de confidentialit\u00e9"},"content":{"rendered":"<p><em>Derni\u00e8re mise \u00e0 jour :\u00a0 20 avril 2022<\/em><\/p>\n<h2>PR\u00c9AMBULE<\/h2>\n<p><strong>Cette page vous informe sur l\u2019identit\u00e9 de l\u2019\u00e9diteur du site, sur les conditions d\u2019utilisation du Site et sur les conditions du traitement de donn\u00e9es personnelles.<\/strong><\/p>\n<p>&nbsp;<\/p>\n<h2>\u00c9DITEUR DU SITE INTERNET<\/h2>\n<p>Le Site est \u00e9dit\u00e9 par la soci\u00e9t\u00e9 Caves Carri\u00e8re, Soci\u00e9t\u00e9 par actions simplifi\u00e9e au capital social de 58.512 euros immatricul\u00e9e au RCS de Dijon sous le num\u00e9ro 528 069 636 et dont le si\u00e8ge social est sis 12 rue de Skopje 21 000 DIJON.<\/p>\n<p>Num\u00e9ro de t\u00e9l\u00e9phone\u00a0: +33 (0)3 45 81 20 20<\/p>\n<p>Adresse email\u00a0: contact@caves-carriere.fr<\/p>\n<p>Num\u00e9ro de TVA intracommunautaire\u00a0: FR7052806936<\/p>\n<p>Directeur de publication\u00a0: Monsieur \u00c9ric Carri\u00e8re en sa qualit\u00e9 de Directeur G\u00e9n\u00e9ral<\/p>\n<p>&nbsp;<\/p>\n<h2>FOURNISSEUR D\u2019H\u00c9BERGEMENT<\/h2>\n<p>Le site est h\u00e9berg\u00e9 par\u00a0:<\/p>\n<p>Soci\u00e9t\u00e9 :\u00a0OVH<br \/>\nRCS Lille M\u00e9tropole 424 761 419<br \/>\nSi\u00e8ge social :\u00a0 2 rue Kellermann- 59100<br \/>\nSite Internet :\u00a0<a href=\"https:\/\/www.ovhcloud.com\/fr\/\">https:\/\/www.ovhcloud.com\/fr\/<\/a><\/p>\n<p>&nbsp;<\/p>\n<h3>DISPOSITIONS GENERALES<\/h3>\n<p>Les mentions l\u00e9gales sont accessibles sur toutes les pages du Site. Vous ne pouvez les ignorer, d\u00e8s lors que vous utilisez le Site.<\/p>\n<p>La navigation sur le Site emporte l&rsquo;acceptation sans r\u00e9serve des pr\u00e9sentes Mentions L\u00e9gales.<\/p>\n<p>L\u2019Editeur se r\u00e9serve le droit de modifier \u00e0 tout moment et sans pr\u00e9avis les pr\u00e9sentes mentions l\u00e9gales.<\/p>\n<p>La version en ligne au moment de la navigation est la seule applicable.<\/p>\n<p>Le Site a pour objet la pr\u00e9sentation des activit\u00e9s de l\u2019\u00e9diteur.<\/p>\n<p>&nbsp;<\/p>\n<h3>LIENS HYPERTEXTES<\/h3>\n<p>&nbsp;<\/p>\n<p>Les liens hypertextes redirigeant vers le Site ne sont par principe pas autoris\u00e9s.<\/p>\n<p>Cependant, vous pouvez solliciter une autorisation de l\u2019Editeur. Si une telle autorisation vous \u00eates donn\u00e9e, elle peut \u00eatre r\u00e9voqu\u00e9e \u00e0 tout moment, sans pr\u00e9avis et sans motif par l\u2019Editeur.<\/p>\n<p>L\u2019Editeur n\u2019est pas responsable du contenu des sites internet vers lesquels des liens pr\u00e9sents sur le Site m\u00e8nent.<\/p>\n<p>Utilisation du Site par vos soins<\/p>\n<p>Afin de profiter pleinement de toutes les fonctionnalit\u00e9s du site Internet www.caves-carriere.fr l\u2019utilisation des derni\u00e8res versions des navigateurs Firefox, Chrome ou autre (logiciels gratuits) est vivement conseill\u00e9e.<\/p>\n<p>Vous ne pouvez d\u00e9tourner le Site de sa finalit\u00e9. Vous ne pouvez par exemple l\u2019utiliser dans un but politique, journalistique ou publicitaire sans l\u2019accord de l\u2019Editeur.<\/p>\n<p>Vous pouvez laisser des avis et commentaires sur le Site. Ainsi, vous pouvez y \u00e9diter du contenu dont vous avez la responsabilit\u00e9.<\/p>\n<p>Tout contenu qui contreviendrait \u00e0 des dispositions l\u00e9gales ou r\u00e8glementaires pourra \u00eatre supprim\u00e9 par l\u2019\u00c9diteur du Site.<\/p>\n<p>En tout \u00e9tat de cause, l\u2019\u00c9diteur ne peut \u00eatre tenu pour responsable de l\u2019utilisation que vous faites du Site. Il vous appartient en particulier de prot\u00e9ger vos outils et mat\u00e9riels informatiques et votre navigation lorsque vous utilisez le Site.<\/p>\n<p>&nbsp;<\/p>\n<p>L\u2019\u00c9diteur pourra se retourner contre vous si un tiers se retourne contre lui dans le cadre d\u2019une proc\u00e9dure amiable ou judiciaire pour des faits d\u00e9coulant de votre utilisation. Il pourra de m\u00eame supprimer toute donn\u00e9e qui perturberait le fonctionnement normal du Site, et suspendre ou limiter l\u2019acc\u00e8s au Site \u00e0 tout moment.<\/p>\n<p>&nbsp;<\/p>\n<h3>CONTENU DU SITE \u2013 PROPRIETE INTELLECTUELLE<\/h3>\n<p>&nbsp;<\/p>\n<p>Tout le contenu du Site, incluant non limitativement toutes les photographies, textes, illustrations, images anim\u00e9es ou non, s\u00e9quences vid\u00e9o et audio, graphiques, sont la propri\u00e9t\u00e9 exclusive de l\u2019\u00c9diteur.<\/p>\n<p>Ils sont prot\u00e9g\u00e9s par le droit d\u2019auteur et les droits de propri\u00e9t\u00e9 industrielle, notamment le droit des marques.<\/p>\n<p>Aucune licence, ni aucun autre droit que celui de consulter le site n\u2019est conf\u00e9r\u00e9 \u00e0 quiconque au regard des droits de propri\u00e9t\u00e9 intellectuelle.<\/p>\n<p>La reproduction des documents, visuels ou textes du Site est prohib\u00e9e sauf autorisation expresse, pr\u00e9alable et \u00e9crite de l\u2019Editeur.<\/p>\n<p>Les photographies pr\u00e9sent\u00e9es sur le site sont la propri\u00e9t\u00e9 de l\u2019Editeur.<\/p>\n<p>L\u2019\u00c9diteur qui aurait connaissance de toutes utilisations, repr\u00e9sentations (etc.) du Contenu du Site se r\u00e9serve le droit d\u2019intenter une action en justice en contrefa\u00e7on conform\u00e9ment aux dispositions du Code de la propri\u00e9t\u00e9 intellectuelle ou en concurrence d\u00e9loyale.<\/p>\n<p>&nbsp;<\/p>\n<h3>LIMITATION DE RESPONSABILIT\u00c9<\/h3>\n<p>L\u2019Editeur s\u2019est efforc\u00e9 d\u2019assurer l\u2019exactitude des informations fournies sur le site.<\/p>\n<p>La responsabilit\u00e9 de l\u2019Editeur ne pourra en aucun cas \u00eatre engag\u00e9e quant \u00e0 d\u2019\u00e9ventuelles erreurs ponctuelles et inopin\u00e9es pouvant survenir sur le Site.<\/p>\n<p>L\u2019Editeur d\u00e9cline toute responsabilit\u00e9 concernant l\u2019exactitude les informations disponibles sur le Site.<\/p>\n<p>L\u2019Editeur ne garantit pas le fait que le serveur accueillant les sites soit exempt de virus ou qu\u2019il puisse survenir un probl\u00e8me technique qui pourrait endommager les composants de l\u2019ordinateur de l\u2019utilisateur ou des donn\u00e9es qui pourraient y \u00eatre stock\u00e9es.<\/p>\n<p>En tout \u00e9tat de cause, l\u2019Editeur et\/ou ses fournisseurs ne peut \u00eatre tenu responsable d\u2019un dommage quelconque pouvant se produire lors de la connexion sur le Site.<\/p>\n<p>&nbsp;<\/p>\n<h3>DONN\u00c9ES PERSONNELLES \u2013 Politique de confidentialit\u00e9<\/h3>\n<p>L\u2019Editeur s\u2019efforce d\u2019assurer que notre organisation et que les solutions techniques d\u00e9ploy\u00e9s respectent les droits relatifs \u00e0 la protection des donn\u00e9es, en r\u00e9f\u00e9rence au R\u00e8glement g\u00e9n\u00e9ral de protection des donn\u00e9es personnelles (RGPD).<\/p>\n<p>La politique de protection des donn\u00e9es personnelles est susceptible d\u2019\u00eatre modifi\u00e9e ou compl\u00e9t\u00e9e \u00e0 tout moment, notamment en vue de se conformer \u00e0 toute \u00e9volution l\u00e9gislative, r\u00e9glementaire, jurisprudentielle ou technologique.<\/p>\n<p>La politique de confidentialit\u00e9 qui vous est opposable est celle en vigueur au moment de l\u2019utilisation du Site.<\/p>\n<ul>\n<li><strong>Consentement<\/strong><\/li>\n<\/ul>\n<p>En s\u2019inscrivant \u00e0 nos services ou en remplissant un formulaire de contact sur le site, vous convenez et acceptez que l\u2019Editeur puisse recueillir, traiter, stocker et\/ou utiliser les donn\u00e9es personnelles soumises. En nous donnant votre consentement, vous conservez \u00e9galement le droit de rectification, le droit \u00e0 l\u2019oubli et\/ou le droit \u00e0 la suppression de vos donn\u00e9es personnelles.<\/p>\n<ul>\n<li><strong>Finalit\u00e9 des traitements<\/strong><\/li>\n<\/ul>\n<p>L\u2019objectif principal de la collecte de vos donn\u00e9es personnelles sur le site est de vous offrir une exp\u00e9rience efficace et personnalis\u00e9e. A cette fin, vous acceptez que nous puissions utiliser vos donn\u00e9es personnelles pour :<\/p>\n<p>\u2013 ex\u00e9cuter nos prestations dans le cadre d\u2019une relation commerciale<\/p>\n<p>\u2013 \u00e9tablir les propositions commerciales<\/p>\n<p>\u2013 r\u00e9soudre les \u00e9ventuels probl\u00e8mes afin d\u2019am\u00e9liorer l\u2019utilisation du site et de nos services<\/p>\n<p>\u2013 personnaliser, \u00e9valuer, am\u00e9liorer nos services, contenus et documentation<\/p>\n<p>\u2013 analyser le volume et l\u2019historique de votre utilisation de nos services<\/p>\n<p>\u2013 vous informer sur nos services et ceux de nos soci\u00e9t\u00e9s partenaires, sous r\u00e9serve de votre accord expr\u00e8s<\/p>\n<p>\u2013 conduire des campagnes de recrutement pour compl\u00e9ter nos effectifs<\/p>\n<p>\u2013 v\u00e9rifier r\u00e9guli\u00e8rement les donn\u00e9es vous concernant afin de garantir la pertinence de nos actions<\/p>\n<p>\u2013 respecter nos obligations l\u00e9gales et r\u00e9glementaires<\/p>\n<ul>\n<li><strong>Destinataire des donn\u00e9es personnelles\u00a0<\/strong><\/li>\n<\/ul>\n<p>L\u2019\u00e9diteur s\u2019engage \u00e0 ne pas louer, vendre ou c\u00e9der et de mani\u00e8re g\u00e9n\u00e9rale transmettre \u00e0 des tiers les donn\u00e9es personnelles que vous transmettez via les formulaires de contact du Site.<\/p>\n<p>Les donn\u00e9es personnelles vous concernant collect\u00e9es sur le site sont destin\u00e9es pour les seuls besoins de l\u2019Editeur et peuvent \u00eatre transmises \u00e0 tout sous-traitants auxquels l\u2019Editeur peut faire appel dans le cadre de l\u2019ex\u00e9cution de ses activit\u00e9s.<\/p>\n<ul>\n<li><strong>Candidature<\/strong><\/li>\n<\/ul>\n<p>L\u2019Editeur met \u00e0 disposition des utilisateurs du Site la possibilit\u00e9 de postuler en ligne, en r\u00e9pondant ou non \u00e0 une annonce publi\u00e9e. Pour cela nous demandons aux postulants de nous transmettre les informations n\u00e9cessaires \u00e0 l\u2019identification et aux modalit\u00e9s de contact (nom, pr\u00e9nom, e-mail, num\u00e9ro de t\u00e9l\u00e9phone) ainsi que les informations nous permettant d\u2019\u00e9valuer la pertinence du profil professionnel par rapport aux besoins en termes de recrutement (CV et lettre de motivation).<\/p>\n<p>Ces donn\u00e9es sont conserv\u00e9es dans la base de donn\u00e9es de l\u2019Editeur durant 1 an \u00e0 compter de leur transmission.<\/p>\n<p>Si vous avez d\u00e9pos\u00e9 votre candidature et que vous souhaitez que l\u2019Editeur supprime vos donn\u00e9es avant l\u2019expiration de la p\u00e9riode d\u2019un an, vous pouvez faire valoir ce droit en contactant l\u2019Editeur \u00e0 l\u2019adresse figurant ci-dessous..<\/p>\n<ul>\n<li><strong>E-mailings commerciaux et transactionnels\u00a0<\/strong><\/li>\n<\/ul>\n<p>Le site propose un module d\u2019inscription pour recevoir nos newsletters r\u00e9guli\u00e8rement. Il s\u2019agit principalement d\u2019informations concernant l\u2019Editeur, ses r\u00e9alisations, ses produits et ses savoir-faire.<\/p>\n<p>Si vous avez choisi de recevoir nos newsletters, sachez que vous pouvez \u00e0 tout moment vous d\u00e9sinscrire en suivant les liens figurant dans chacun de ces e-mails.<\/p>\n<p>A d\u00e9faut, les donn\u00e9es vous concernant sont conserv\u00e9es tant que les newsletters sont diffus\u00e9es.<\/p>\n<p>L\u2019\u00e9diteur utilise les plateformes Active Campaign dont le si\u00e8ge est \u00e0 Chicago (www.activecampaign.com) et Oenomanager dont le si\u00e8ge est \u00e0 Libourne (www.cobalt-informatique.com).<\/p>\n<ul>\n<li><strong>T\u00e9moignages<\/strong><\/li>\n<\/ul>\n<p>L\u2019Editeur publie sur le site une liste de t\u00e9moignages de clients comportant des informations sur le nom de nos clients et leurs titres. L\u2019Editeur s\u2019engage \u00e0 obtenir l\u2019autorisation de chaque client avant publication sur le site de tout t\u00e9moignage. Si vous souhaitez \u00eatre retir\u00e9 de la liste, vous pouvez faire valoir ce droit en vous r\u00e9f\u00e9rant \u00e0 nos coordonn\u00e9es indiqu\u00e9es ci-dessous.<\/p>\n<p>Le retrait peut n\u00e9cessiter du temps n\u00e9cessaire \u00e0 la mise \u00e0 jour du Site.<\/p>\n<ul>\n<li><strong>Droits \u00e0 la protection des donn\u00e9es personnelles\u00a0<\/strong><\/li>\n<\/ul>\n<p>Conform\u00e9ment \u00e0 la loi Informatique et Libert\u00e9s et au R\u00e8glement Europ\u00e9en G\u00e9n\u00e9ral sur la Protection des Donn\u00e9es 2016\/679 (RGPD), vous disposez des droits d\u2019acc\u00e8s, de rectification d\u2019opposition, de portabilit\u00e9 et de suppression des donn\u00e9es personnelles vous concernant que vous pouvez exercer en nous contactant aux coordonn\u00e9es indiqu\u00e9es ci-dessous :<\/p>\n<p>Caves Carri\u00e8re<br \/>\n12 rue de Skopje<br \/>\n21\u00a0000 DIJON (France)<br \/>\nAdresse mail\u00a0: contact@caves-carriere.fr<\/p>\n<p>UTILISATION DES COOKIES<\/p>\n<p>En r\u00e8gle g\u00e9n\u00e9rale, l\u2019Editeur utilise les cookies et le tracking aux fins d\u2019am\u00e9liorer et personnaliser le site et\/ou en mesurer l\u2019audience. Les cookies sont des fichiers enregistr\u00e9s sur le disque dur de votre ordinateur lors de votre navigation sur Internet et notamment sur le site. Un cookie ne sert pas \u00e0 recueillir des donn\u00e9es personnelles \u00e0 votre insu mais \u00e0 enregistrer des informations relatives \u00e0 votre navigation sur le site qui pourront \u00eatre directement lues par l\u2019Editeur lors de vos visites et requ\u00eates ult\u00e9rieures sur le site.<\/p>\n<p>Nous informons l\u2019utilisateur qu\u2019il peut d\u00e9sactiver l\u2019utilisation de cookies en s\u00e9lectionnant les param\u00e8tres appropri\u00e9s de son navigateur. Cependant, une telle d\u00e9sactivation pourrait emp\u00eacher l\u2019utilisation de certaines fonctionnalit\u00e9s de ce site.\u00a0L\u2019utilisateur est inform\u00e9 qu\u2019il peut s\u2019opposer \u00e0 l\u2019enregistrement de \u00ab cookies \u00bb en configurant son navigateur de la mani\u00e8re suivante :<\/p>\n<p>\u2013 Pour Mozilla Firefox &gt; Choisir le menu \u00ab outil \u00bb puis \u00ab Options \u00bb &gt; Ic\u00f4ne \u00ab vie priv\u00e9e \u00bb<\/p>\n<p>\u2013 Pour Microsoft Internet Explorer &gt; Menu \u00ab Outils \u00bb puis \u00ab Options Internet \u00bb &gt; Onglet \u00ab Confidentialit\u00e9 \u00bb<\/p>\n<p>\u2013\u00a0 Pour Google Chrome &gt; Menu \u00ab Param\u00e8tres avanc\u00e9s\u00a0<strong>\u00bb &gt;\u00a0<\/strong>Onglet\u00a0\u00ab Confidentialit\u00e9 et s\u00e9curit\u00e9\u00a0<strong>\u00bb<\/strong><\/p>\n<ul>\n<li><strong>Cookies internes n\u00e9cessaires au site pour fonctionner<\/strong><\/li>\n<\/ul>\n<p>Ces cookies permettent au site de fonctionner de mani\u00e8re optimale. Vous pouvez vous y opposer et les supprimer en utilisant les param\u00e8tres de votre navigateur, cependant votre exp\u00e9rience utilisateur risque d\u2019\u00eatre d\u00e9grad\u00e9e.<\/p>\n<ul>\n<li><strong>Cookies de mesure d\u2019audience<\/strong><\/li>\n<\/ul>\n<p>Le site utilise Google Analytics, un service d\u2019analyse de site internet fourni par Google Inc. (ci-apr\u00e8s d\u00e9nomm\u00e9e \u00ab Google \u00bb). Google Analytics utilise des cookies pour aider l\u2019Editeur \u00e0 analyser l\u2019utilisation du site par ses utilisateurs. Les donn\u00e9es g\u00e9n\u00e9r\u00e9es par les cookies concernant l\u2019utilisation du site par l\u2019utilisateur (y compris son adresse IP) seront transmises et stock\u00e9es par Google sur des serveurs situ\u00e9s aux \u00c9tats-Unis. Google utilisera ces informations dans le but d\u2019\u00e9valuer l\u2019utilisation du site par l\u2019utilisateur, de compiler des rapports sur l\u2019activit\u00e9 du site \u00e0 destination de l\u2019Editeur et de fournir d\u2019autres services relatifs \u00e0 l\u2019activit\u00e9 du site et \u00e0 l\u2019utilisation d\u2019Internet.<\/p>\n<p>Google est susceptible de communiquer ces donn\u00e9es \u00e0 des tiers en cas d\u2019obligation l\u00e9gale ou lorsque ces tiers traitent ces donn\u00e9es pour le compte de Google, y compris notamment l\u2019Editeur. Google ne recoupera pas l\u2019adresse IP de l\u2019utilisateur avec toute autre donn\u00e9e d\u00e9tenue par Google. En utilisant ce site l\u2019utilisateur consent express\u00e9ment au traitement de ses donn\u00e9es \u00e0 caract\u00e8re personnel par Google dans les conditions et pour les finalit\u00e9s d\u00e9crites ci-dessus.<\/p>\n<p>Nom du cookie : _ga<br \/>\nFinalit\u00e9 : distinguer les utilisateurs<br \/>\nDur\u00e9e de conservation : 2 ans<\/p>\n<p>Nom du cookie : _gid<br \/>\nFinalit\u00e9 : distinguer les utilisateurs<br \/>\nDur\u00e9e de conservation : 24h<\/p>\n<ul>\n<li><strong>Cookies tiers destin\u00e9s \u00e0 am\u00e9liorer l\u2019interactivit\u00e9 du site<\/strong><\/li>\n<\/ul>\n<p>Le site utilise certains services propos\u00e9s par des sites tiers.\u00a0Ces fonctionnalit\u00e9s utilisent des cookies tiers directement d\u00e9pos\u00e9s par ces services. Lors de votre premi\u00e8re visite sur le Site, un bandeau vous informe de la pr\u00e9sence de ces cookies et vous invite \u00e0 indiquer votre choix. Ils ne sont d\u00e9pos\u00e9s que si vous les acceptez. Vous pouvez \u00e0 tout moment vous informer et param\u00e9trer vos cookies pour les accepter ou les refuser. Vous pourrez indiquer votre pr\u00e9f\u00e9rence soit globalement pour le site, soit service par service. Il s\u2019agit notamment :<\/p>\n<ul>\n<li>Des boutons de partage (Facebook et LinkedIn)<\/li>\n<li>Des visualisations de flux (Instagram)<\/li>\n<\/ul>\n<p>&nbsp;<\/p>\n<h3>Litige et droit applicable<\/h3>\n<p>Les pr\u00e9sentes mentions l\u00e9gales sont r\u00e9gies par le droit fran\u00e7ais.<\/p>\n<p>Toute contestation naissant de l\u2019interpr\u00e9tation ou de l\u2019ex\u00e9cution de celles-ci seront r\u00e9gies par la loi fran\u00e7aise et seront de la comp\u00e9tence exclusive des juridictions fran\u00e7aises.<\/p>\n<p>&nbsp;<\/p>\n<h3>Contact<\/h3>\n<p>Pour toute question ou information sur le Site ou sur les pr\u00e9sentes dispositions, il convient de s\u2019adresser \u00e0 l\u2019\u00c9diteur via l\u2019adresse mail suivante : contact@caves-carriere.fr<\/p>\n<p>&nbsp;<\/p>\n<p>&nbsp;<\/p>\n","protected":false},"excerpt":{"rendered":"<p>Derni\u00e8re mise \u00e0 jour :\u00a0 20 avril 2022 PR\u00c9AMBULE Cette page vous informe sur l\u2019identit\u00e9 de l\u2019\u00e9diteur du site, sur les conditions d\u2019utilisation du Site et sur les conditions du traitement de donn\u00e9es personnelles. &nbsp; \u00c9DITEUR DU SITE INTERNET Le Site est \u00e9dit\u00e9 par la soci\u00e9t\u00e9 Caves Carri\u00e8re, Soci\u00e9t\u00e9 par actions simplifi\u00e9e au capital social [&hellip;]<\/p>\n","protected":false},"author":3,"featured_media":0,"parent":0,"menu_order":0,"comment_status":"closed","ping_status":"open","template":"","meta":[],"yoast_head":"<!-- This site is optimized with the Yoast SEO plugin v20.10 - https:\/\/yoast.com\/wordpress\/plugins\/seo\/ -->\n<title>Mentions l\u00e9gales &amp; politique de confidentialit\u00e9 - Caves Carri\u00e8re<\/title>\n<meta name=\"robots\" content=\"index, follow, max-snippet:-1, max-image-preview:large, max-video-preview:-1\" \/>\n<link rel=\"canonical\" href=\"https:\/\/www.caves-carriere.fr\/caviste\/mentions-legales-politique-confidentialite\/\" \/>\n<meta property=\"og:locale\" content=\"fr_FR\" \/>\n<meta property=\"og:type\" content=\"article\" \/>\n<meta property=\"og:title\" content=\"Mentions l\u00e9gales &amp; politique de confidentialit\u00e9 - Caves Carri\u00e8re\" \/>\n<meta property=\"og:description\" content=\"Derni\u00e8re mise \u00e0 jour :\u00a0 20 avril 2022 PR\u00c9AMBULE Cette page vous informe sur l\u2019identit\u00e9 de l\u2019\u00e9diteur du site, sur les conditions d\u2019utilisation du Site et sur les conditions du traitement de donn\u00e9es personnelles. &nbsp; \u00c9DITEUR DU SITE INTERNET Le Site est \u00e9dit\u00e9 par la soci\u00e9t\u00e9 Caves Carri\u00e8re, Soci\u00e9t\u00e9 par actions simplifi\u00e9e au capital social [&hellip;]\" \/>\n<meta property=\"og:url\" content=\"https:\/\/www.caves-carriere.fr\/caviste\/mentions-legales-politique-confidentialite\/\" \/>\n<meta property=\"og:site_name\" content=\"Caves Carri\u00e8re\" \/>\n<meta property=\"article:modified_time\" content=\"2022-05-06T13:02:39+00:00\" \/>\n<meta name=\"twitter:card\" content=\"summary_large_image\" \/>\n<meta name=\"twitter:label1\" content=\"Dur\u00e9e de lecture estim\u00e9e\" \/>\n\t<meta name=\"twitter:data1\" content=\"9 minutes\" \/>\n<script type=\"application\/ld+json\" class=\"yoast-schema-graph\">{\"@context\":\"https:\/\/schema.org\",\"@graph\":[{\"@type\":\"WebPage\",\"@id\":\"https:\/\/www.caves-carriere.fr\/caviste\/mentions-legales-politique-confidentialite\/\",\"url\":\"https:\/\/www.caves-carriere.fr\/caviste\/mentions-legales-politique-confidentialite\/\",\"name\":\"Mentions l\u00e9gales & politique de confidentialit\u00e9 - Caves Carri\u00e8re\",\"isPartOf\":{\"@id\":\"https:\/\/www.caves-carriere.fr\/caviste\/#website\"},\"datePublished\":\"2018-09-17T06:51:33+00:00\",\"dateModified\":\"2022-05-06T13:02:39+00:00\",\"breadcrumb\":{\"@id\":\"https:\/\/www.caves-carriere.fr\/caviste\/mentions-legales-politique-confidentialite\/#breadcrumb\"},\"inLanguage\":\"fr-FR\",\"potentialAction\":[{\"@type\":\"ReadAction\",\"target\":[\"https:\/\/www.caves-carriere.fr\/caviste\/mentions-legales-politique-confidentialite\/\"]}]},{\"@type\":\"BreadcrumbList\",\"@id\":\"https:\/\/www.caves-carriere.fr\/caviste\/mentions-legales-politique-confidentialite\/#breadcrumb\",\"itemListElement\":[{\"@type\":\"ListItem\",\"position\":1,\"name\":\"Accueil\",\"item\":\"https:\/\/www.caves-carriere.fr\/caviste\/\"},{\"@type\":\"ListItem\",\"position\":2,\"name\":\"Mentions l\u00e9gales &#038; politique de confidentialit\u00e9\"}]},{\"@type\":\"WebSite\",\"@id\":\"https:\/\/www.caves-carriere.fr\/caviste\/#website\",\"url\":\"https:\/\/www.caves-carriere.fr\/caviste\/\",\"name\":\"Caves Carri\u00e8re\",\"description\":\"Le plaisir de partager\",\"potentialAction\":[{\"@type\":\"SearchAction\",\"target\":{\"@type\":\"EntryPoint\",\"urlTemplate\":\"https:\/\/www.caves-carriere.fr\/caviste\/?s={search_term_string}\"},\"query-input\":\"required name=search_term_string\"}],\"inLanguage\":\"fr-FR\"}]}<\/script>\n<!-- \/ Yoast SEO plugin. -->","yoast_head_json":{"title":"Mentions l\u00e9gales & politique de confidentialit\u00e9 - Caves Carri\u00e8re","robots":{"index":"index","follow":"follow","max-snippet":"max-snippet:-1","max-image-preview":"max-image-preview:large","max-video-preview":"max-video-preview:-1"},"canonical":"https:\/\/www.caves-carriere.fr\/caviste\/mentions-legales-politique-confidentialite\/","og_locale":"fr_FR","og_type":"article","og_title":"Mentions l\u00e9gales & politique de confidentialit\u00e9 - Caves Carri\u00e8re","og_description":"Derni\u00e8re mise \u00e0 jour :\u00a0 20 avril 2022 PR\u00c9AMBULE Cette page vous informe sur l\u2019identit\u00e9 de l\u2019\u00e9diteur du site, sur les conditions d\u2019utilisation du Site et sur les conditions du traitement de donn\u00e9es personnelles. &nbsp; \u00c9DITEUR DU SITE INTERNET Le Site est \u00e9dit\u00e9 par la soci\u00e9t\u00e9 Caves Carri\u00e8re, Soci\u00e9t\u00e9 par actions simplifi\u00e9e au capital social [&hellip;]","og_url":"https:\/\/www.caves-carriere.fr\/caviste\/mentions-legales-politique-confidentialite\/","og_site_name":"Caves Carri\u00e8re","article_modified_time":"2022-05-06T13:02:39+00:00","twitter_card":"summary_large_image","twitter_misc":{"Dur\u00e9e de lecture estim\u00e9e":"9 minutes"},"schema":{"@context":"https:\/\/schema.org","@graph":[{"@type":"WebPage","@id":"https:\/\/www.caves-carriere.fr\/caviste\/mentions-legales-politique-confidentialite\/","url":"https:\/\/www.caves-carriere.fr\/caviste\/mentions-legales-politique-confidentialite\/","name":"Mentions l\u00e9gales & politique de confidentialit\u00e9 - Caves Carri\u00e8re","isPartOf":{"@id":"https:\/\/www.caves-carriere.fr\/caviste\/#website"},"datePublished":"2018-09-17T06:51:33+00:00","dateModified":"2022-05-06T13:02:39+00:00","breadcrumb":{"@id":"https:\/\/www.caves-carriere.fr\/caviste\/mentions-legales-politique-confidentialite\/#breadcrumb"},"inLanguage":"fr-FR","potentialAction":[{"@type":"ReadAction","target":["https:\/\/www.caves-carriere.fr\/caviste\/mentions-legales-politique-confidentialite\/"]}]},{"@type":"BreadcrumbList","@id":"https:\/\/www.caves-carriere.fr\/caviste\/mentions-legales-politique-confidentialite\/#breadcrumb","itemListElement":[{"@type":"ListItem","position":1,"name":"Accueil","item":"https:\/\/www.caves-carriere.fr\/caviste\/"},{"@type":"ListItem","position":2,"name":"Mentions l\u00e9gales &#038; politique de confidentialit\u00e9"}]},{"@type":"WebSite","@id":"https:\/\/www.caves-carriere.fr\/caviste\/#website","url":"https:\/\/www.caves-carriere.fr\/caviste\/","name":"Caves Carri\u00e8re","description":"Le plaisir de partager","potentialAction":[{"@type":"SearchAction","target":{"@type":"EntryPoint","urlTemplate":"https:\/\/www.caves-carriere.fr\/caviste\/?s={search_term_string}"},"query-input":"required name=search_term_string"}],"inLanguage":"fr-FR"}]}},"_links":{"self":[{"href":"https:\/\/www.caves-carriere.fr\/caviste\/wp-json\/wp\/v2\/pages\/3"}],"collection":[{"href":"https:\/\/www.caves-carriere.fr\/caviste\/wp-json\/wp\/v2\/pages"}],"about":[{"href":"https:\/\/www.caves-carriere.fr\/caviste\/wp-json\/wp\/v2\/types\/page"}],"author":[{"embeddable":true,"href":"https:\/\/www.caves-carriere.fr\/caviste\/wp-json\/wp\/v2\/users\/3"}],"replies":[{"embeddable":true,"href":"https:\/\/www.caves-carriere.fr\/caviste\/wp-json\/wp\/v2\/comments?post=3"}],"version-history":[{"count":7,"href":"https:\/\/www.caves-carriere.fr\/caviste\/wp-json\/wp\/v2\/pages\/3\/revisions"}],"predecessor-version":[{"id":1315,"href":"https:\/\/www.caves-carriere.fr\/caviste\/wp-json\/wp\/v2\/pages\/3\/revisions\/1315"}],"wp:attachment":[{"href":"https:\/\/www.caves-carriere.fr\/caviste\/wp-json\/wp\/v2\/media?parent=3"}],"curies":[{"name":"wp","href":"https:\/\/api.w.org\/{rel}","templated":true}]}}