{"id":2,"date":"2018-09-17T06:51:33","date_gmt":"2018-09-17T06:51:33","guid":{"rendered":"https:\/\/www.caves-carriere.fr\/?page_id=2"},"modified":"2022-05-05T09:09:25","modified_gmt":"2022-05-05T09:09:25","slug":"accueil","status":"publish","type":"page","link":"https:\/\/www.caves-carriere.fr\/caviste\/","title":{"rendered":"Accueil"},"content":{"rendered":"<p>This is an example page. It&rsquo;s different from a blog post because it will stay in one place and will show up in your site navigation (in most themes). Most people start with an About page that introduces them to potential site visitors. It might say something like this:<\/p>\n<blockquote><p>Hi there! I&rsquo;m a bike messenger by day, aspiring actor by night, and this is my website. I live in Los Angeles, have a great dog named Jack, and I like pi\u00f1a coladas. (And gettin&rsquo; caught in the rain.)<\/p><\/blockquote>\n<p>&#8230;or something like this:<\/p>\n<blockquote><p>The XYZ Doohickey Company was founded in 1971, and has been providing quality doohickeys to the public ever since. Located in Gotham City, XYZ employs over 2,000 people and does all kinds of awesome things for the Gotham community.<\/p><\/blockquote>\n<p>As a new WordPress user, you should go to <a href=\"https:\/\/www.caves-carriere.fr\/wp-admin\/\">your dashboard<\/a> to delete this page and create new pages for your content. Have fun!<\/p>\n","protected":false},"excerpt":{"rendered":"<p>This is an example page. It&rsquo;s different from a blog post because it will stay in one place and will show up in your site navigation (in most themes). Most people start with an About page that introduces them to potential site visitors. It might say something like this: Hi there! I&rsquo;m a bike messenger [&hellip;]<\/p>\n","protected":false},"author":3,"featured_media":0,"parent":0,"menu_order":0,"comment_status":"closed","ping_status":"open","template":"","meta":[],"yoast_head":"<!-- This site is optimized with the Yoast SEO plugin v20.10 - https:\/\/yoast.com\/wordpress\/plugins\/seo\/ -->\n<title>Caves Carri\u00e8re | Caviste \u00e0 Dijon<\/title>\n<meta name=\"description\" content=\"Caviste \u00e0 Dijon, Caves Carri\u00e8re vous propose plus de 3000 r\u00e9f\u00e9rences de vins et une s\u00e9lection de spiritueux et de champagnes.\" \/>\n<meta name=\"robots\" content=\"index, follow, max-snippet:-1, max-image-preview:large, max-video-preview:-1\" \/>\n<link rel=\"canonical\" href=\"https:\/\/www.caves-carriere.fr\/caviste\/\" \/>\n<meta property=\"og:locale\" content=\"fr_FR\" \/>\n<meta property=\"og:type\" content=\"article\" \/>\n<meta property=\"og:title\" content=\"Caves Carri\u00e8re | Caviste \u00e0 Dijon\" \/>\n<meta property=\"og:description\" content=\"Caviste \u00e0 Dijon, Caves Carri\u00e8re vous propose plus de 3000 r\u00e9f\u00e9rences de vins et une s\u00e9lection de spiritueux et de champagnes.\" \/>\n<meta property=\"og:url\" content=\"https:\/\/www.caves-carriere.fr\/caviste\/\" \/>\n<meta property=\"og:site_name\" content=\"Caves Carri\u00e8re\" \/>\n<meta property=\"article:modified_time\" content=\"2022-05-05T09:09:25+00:00\" \/>\n<meta name=\"twitter:card\" content=\"summary_large_image\" \/>\n<meta name=\"twitter:label1\" content=\"Dur\u00e9e de lecture estim\u00e9e\" \/>\n\t<meta name=\"twitter:data1\" content=\"1 minute\" \/>\n<script type=\"application\/ld+json\" class=\"yoast-schema-graph\">{\"@context\":\"https:\/\/schema.org\",\"@graph\":[{\"@type\":\"WebPage\",\"@id\":\"https:\/\/www.caves-carriere.fr\/caviste\/\",\"url\":\"https:\/\/www.caves-carriere.fr\/caviste\/\",\"name\":\"Caves Carri\u00e8re | Caviste \u00e0 Dijon\",\"isPartOf\":{\"@id\":\"https:\/\/www.caves-carriere.fr\/caviste\/#website\"},\"datePublished\":\"2018-09-17T06:51:33+00:00\",\"dateModified\":\"2022-05-05T09:09:25+00:00\",\"description\":\"Caviste \u00e0 Dijon, Caves Carri\u00e8re vous propose plus de 3000 r\u00e9f\u00e9rences de vins et une s\u00e9lection de spiritueux et de champagnes.\",\"breadcrumb\":{\"@id\":\"https:\/\/www.caves-carriere.fr\/caviste\/#breadcrumb\"},\"inLanguage\":\"fr-FR\",\"potentialAction\":[{\"@type\":\"ReadAction\",\"target\":[\"https:\/\/www.caves-carriere.fr\/caviste\/\"]}]},{\"@type\":\"BreadcrumbList\",\"@id\":\"https:\/\/www.caves-carriere.fr\/caviste\/#breadcrumb\",\"itemListElement\":[{\"@type\":\"ListItem\",\"position\":1,\"name\":\"Accueil\",\"item\":\"https:\/\/www.caves-carriere.fr\/caviste\/\"},{\"@type\":\"ListItem\",\"position\":2,\"name\":\"Accueil\"}]},{\"@type\":\"WebSite\",\"@id\":\"https:\/\/www.caves-carriere.fr\/caviste\/#website\",\"url\":\"https:\/\/www.caves-carriere.fr\/caviste\/\",\"name\":\"Caves Carri\u00e8re\",\"description\":\"Le plaisir de partager\",\"potentialAction\":[{\"@type\":\"SearchAction\",\"target\":{\"@type\":\"EntryPoint\",\"urlTemplate\":\"https:\/\/www.caves-carriere.fr\/caviste\/?s={search_term_string}\"},\"query-input\":\"required name=search_term_string\"}],\"inLanguage\":\"fr-FR\"}]}<\/script>\n<!-- \/ Yoast SEO plugin. -->","yoast_head_json":{"title":"Caves Carri\u00e8re | Caviste \u00e0 Dijon","description":"Caviste \u00e0 Dijon, Caves Carri\u00e8re vous propose plus de 3000 r\u00e9f\u00e9rences de vins et une s\u00e9lection de spiritueux et de champagnes.","robots":{"index":"index","follow":"follow","max-snippet":"max-snippet:-1","max-image-preview":"max-image-preview:large","max-video-preview":"max-video-preview:-1"},"canonical":"https:\/\/www.caves-carriere.fr\/caviste\/","og_locale":"fr_FR","og_type":"article","og_title":"Caves Carri\u00e8re | Caviste \u00e0 Dijon","og_description":"Caviste \u00e0 Dijon, Caves Carri\u00e8re vous propose plus de 3000 r\u00e9f\u00e9rences de vins et une s\u00e9lection de spiritueux et de champagnes.","og_url":"https:\/\/www.caves-carriere.fr\/caviste\/","og_site_name":"Caves Carri\u00e8re","article_modified_time":"2022-05-05T09:09:25+00:00","twitter_card":"summary_large_image","twitter_misc":{"Dur\u00e9e de lecture estim\u00e9e":"1 minute"},"schema":{"@context":"https:\/\/schema.org","@graph":[{"@type":"WebPage","@id":"https:\/\/www.caves-carriere.fr\/caviste\/","url":"https:\/\/www.caves-carriere.fr\/caviste\/","name":"Caves Carri\u00e8re | Caviste \u00e0 Dijon","isPartOf":{"@id":"https:\/\/www.caves-carriere.fr\/caviste\/#website"},"datePublished":"2018-09-17T06:51:33+00:00","dateModified":"2022-05-05T09:09:25+00:00","description":"Caviste \u00e0 Dijon, Caves Carri\u00e8re vous propose plus de 3000 r\u00e9f\u00e9rences de vins et une s\u00e9lection de spiritueux et de champagnes.","breadcrumb":{"@id":"https:\/\/www.caves-carriere.fr\/caviste\/#breadcrumb"},"inLanguage":"fr-FR","potentialAction":[{"@type":"ReadAction","target":["https:\/\/www.caves-carriere.fr\/caviste\/"]}]},{"@type":"BreadcrumbList","@id":"https:\/\/www.caves-carriere.fr\/caviste\/#breadcrumb","itemListElement":[{"@type":"ListItem","position":1,"name":"Accueil","item":"https:\/\/www.caves-carriere.fr\/caviste\/"},{"@type":"ListItem","position":2,"name":"Accueil"}]},{"@type":"WebSite","@id":"https:\/\/www.caves-carriere.fr\/caviste\/#website","url":"https:\/\/www.caves-carriere.fr\/caviste\/","name":"Caves Carri\u00e8re","description":"Le plaisir de partager","potentialAction":[{"@type":"SearchAction","target":{"@type":"EntryPoint","urlTemplate":"https:\/\/www.caves-carriere.fr\/caviste\/?s={search_term_string}"},"query-input":"required name=search_term_string"}],"inLanguage":"fr-FR"}]}},"_links":{"self":[{"href":"https:\/\/www.caves-carriere.fr\/caviste\/wp-json\/wp\/v2\/pages\/2"}],"collection":[{"href":"https:\/\/www.caves-carriere.fr\/caviste\/wp-json\/wp\/v2\/pages"}],"about":[{"href":"https:\/\/www.caves-carriere.fr\/caviste\/wp-json\/wp\/v2\/types\/page"}],"author":[{"embeddable":true,"href":"https:\/\/www.caves-carriere.fr\/caviste\/wp-json\/wp\/v2\/users\/3"}],"replies":[{"embeddable":true,"href":"https:\/\/www.caves-carriere.fr\/caviste\/wp-json\/wp\/v2\/comments?post=2"}],"version-history":[{"count":12,"href":"https:\/\/www.caves-carriere.fr\/caviste\/wp-json\/wp\/v2\/pages\/2\/revisions"}],"predecessor-version":[{"id":1311,"href":"https:\/\/www.caves-carriere.fr\/caviste\/wp-json\/wp\/v2\/pages\/2\/revisions\/1311"}],"wp:attachment":[{"href":"https:\/\/www.caves-carriere.fr\/caviste\/wp-json\/wp\/v2\/media?parent=2"}],"curies":[{"name":"wp","href":"https:\/\/api.w.org\/{rel}","templated":true}]}}